{"id":28,"date":"2024-01-11T11:24:46","date_gmt":"2024-01-11T10:24:46","guid":{"rendered":"https:\/\/bandedepipelettes.fr\/index.php\/mon-compte\/"},"modified":"2024-07-30T08:11:31","modified_gmt":"2024-07-30T06:11:31","slug":"mon-compte","status":"publish","type":"page","link":"https:\/\/bandedepipelettes.fr\/index.php\/mon-compte\/","title":{"rendered":"Mon compte"},"content":{"rendered":"\t\t<div data-elementor-type=\"wp-page\" data-elementor-id=\"28\" class=\"elementor elementor-28\" data-elementor-post-type=\"page\">\n\t\t\t\t<div class=\"elementor-element elementor-element-5ffd298f e-flex e-con-boxed e-con e-parent\" data-id=\"5ffd298f\" data-element_type=\"container\">\n\t\t\t\t\t<div class=\"e-con-inner\">\n\t\t\t\t<div class=\"elementor-element elementor-element-d4db3e1 elementor-widget elementor-widget-heading\" data-id=\"d4db3e1\" data-element_type=\"widget\" data-widget_type=\"heading.default\">\n\t\t\t\t<div class=\"elementor-widget-container\">\n\t\t\t\t\t<h2 class=\"elementor-heading-title elementor-size-default\">Mon Compte<\/h2>\t\t\t\t<\/div>\n\t\t\t\t<\/div>\n\t\t\t\t<div class=\"elementor-element elementor-element-165e1d elementor-widget elementor-widget-text-editor\" data-id=\"165e1d\" data-element_type=\"widget\" data-widget_type=\"text-editor.default\">\n\t\t\t\t<div class=\"elementor-widget-container\">\n\t\t\t\t\t\t\t\t\t<div class=\"woocommerce\"><\/div>\n\t\t\t\t\t\t\t\t<\/div>\n\t\t\t\t<\/div>\n\t\t\t\t\t<\/div>\n\t\t\t\t<\/div>\n\t\t\t\t<\/div>\n\t\t","protected":false},"excerpt":{"rendered":"<p>Mon Compte<\/p>\n","protected":false},"author":1,"featured_media":0,"parent":0,"menu_order":0,"comment_status":"closed","ping_status":"closed","template":"","meta":{"site-sidebar-layout":"default","site-content-layout":"","ast-site-content-layout":"default","site-content-style":"default","site-sidebar-style":"default","ast-global-header-display":"","ast-banner-title-visibility":"","ast-main-header-display":"","ast-hfb-above-header-display":"","ast-hfb-below-header-display":"","ast-hfb-mobile-header-display":"","site-post-title":"","ast-breadcrumbs-content":"","ast-featured-img":"","footer-sml-layout":"","theme-transparent-header-meta":"","adv-header-id-meta":"","stick-header-meta":"","header-above-stick-meta":"","header-main-stick-meta":"","header-below-stick-meta":"","astra-migrate-meta-layouts":"default","ast-page-background-enabled":"default","ast-page-background-meta":{"desktop":{"background-color":"var(--ast-global-color-4)","background-image":"","background-repeat":"repeat","background-position":"center center","background-size":"auto","background-attachment":"scroll","background-type":"","background-media":"","overlay-type":"","overlay-color":"","overlay-opacity":"","overlay-gradient":""},"tablet":{"background-color":"","background-image":"","background-repeat":"repeat","background-position":"center center","background-size":"auto","background-attachment":"scroll","background-type":"","background-media":"","overlay-type":"","overlay-color":"","overlay-opacity":"","overlay-gradient":""},"mobile":{"background-color":"","background-image":"","background-repeat":"repeat","background-position":"center center","background-size":"auto","background-attachment":"scroll","background-type":"","background-media":"","overlay-type":"","overlay-color":"","overlay-opacity":"","overlay-gradient":""}},"ast-content-background-meta":{"desktop":{"background-color":"var(--ast-global-color-5)","background-image":"","background-repeat":"repeat","background-position":"center center","background-size":"auto","background-attachment":"scroll","background-type":"","background-media":"","overlay-type":"","overlay-color":"","overlay-opacity":"","overlay-gradient":""},"tablet":{"background-color":"var(--ast-global-color-5)","background-image":"","background-repeat":"repeat","background-position":"center center","background-size":"auto","background-attachment":"scroll","background-type":"","background-media":"","overlay-type":"","overlay-color":"","overlay-opacity":"","overlay-gradient":""},"mobile":{"background-color":"var(--ast-global-color-5)","background-image":"","background-repeat":"repeat","background-position":"center center","background-size":"auto","background-attachment":"scroll","background-type":"","background-media":"","overlay-type":"","overlay-color":"","overlay-opacity":"","overlay-gradient":""}},"footnotes":""},"class_list":["post-28","page","type-page","status-publish","hentry"],"yoast_head":"<!-- This site is optimized with the Yoast SEO plugin v26.0 - https:\/\/yoast.com\/wordpress\/plugins\/seo\/ -->\n<title>Mon compte - Bande de pipelettes<\/title>\n<meta name=\"robots\" content=\"noindex, follow\" \/>\n<meta property=\"og:locale\" content=\"fr_FR\" \/>\n<meta property=\"og:type\" content=\"article\" \/>\n<meta property=\"og:title\" content=\"Mon compte - Bande de pipelettes\" \/>\n<meta property=\"og:description\" content=\"Mon Compte\" \/>\n<meta property=\"og:url\" content=\"https:\/\/bandedepipelettes.fr\/index.php\/mon-compte\/\" \/>\n<meta property=\"og:site_name\" content=\"Bande de pipelettes\" \/>\n<meta property=\"article:publisher\" content=\"https:\/\/www.facebook.com\/profile.php?id=100075875993050&amp;locale=fr_FR\" \/>\n<meta property=\"article:modified_time\" content=\"2024-07-30T06:11:31+00:00\" \/>\n<meta name=\"twitter:card\" content=\"summary_large_image\" \/>\n<meta name=\"twitter:label1\" content=\"Dur\u00e9e de lecture estim\u00e9e\" \/>\n\t<meta name=\"twitter:data1\" content=\"1 minute\" \/>\n<script type=\"application\/ld+json\" class=\"yoast-schema-graph\">{\"@context\":\"https:\/\/schema.org\",\"@graph\":[{\"@type\":\"WebPage\",\"@id\":\"https:\/\/bandedepipelettes.fr\/index.php\/mon-compte\/\",\"url\":\"https:\/\/bandedepipelettes.fr\/index.php\/mon-compte\/\",\"name\":\"Mon compte - Bande de pipelettes\",\"isPartOf\":{\"@id\":\"https:\/\/bandedepipelettes.fr\/#website\"},\"datePublished\":\"2024-01-11T10:24:46+00:00\",\"dateModified\":\"2024-07-30T06:11:31+00:00\",\"breadcrumb\":{\"@id\":\"https:\/\/bandedepipelettes.fr\/index.php\/mon-compte\/#breadcrumb\"},\"inLanguage\":\"fr-FR\",\"potentialAction\":[{\"@type\":\"ReadAction\",\"target\":[\"https:\/\/bandedepipelettes.fr\/index.php\/mon-compte\/\"]}]},{\"@type\":\"BreadcrumbList\",\"@id\":\"https:\/\/bandedepipelettes.fr\/index.php\/mon-compte\/#breadcrumb\",\"itemListElement\":[{\"@type\":\"ListItem\",\"position\":1,\"name\":\"Accueil\",\"item\":\"https:\/\/bandedepipelettes.fr\/\"},{\"@type\":\"ListItem\",\"position\":2,\"name\":\"Mon compte\"}]},{\"@type\":\"WebSite\",\"@id\":\"https:\/\/bandedepipelettes.fr\/#website\",\"url\":\"https:\/\/bandedepipelettes.fr\/\",\"name\":\"Dom\u00e9o Mini\",\"description\":\"Pr\u00eat-\u00e0-porter femmes\",\"publisher\":{\"@id\":\"https:\/\/bandedepipelettes.fr\/#organization\"},\"potentialAction\":[{\"@type\":\"SearchAction\",\"target\":{\"@type\":\"EntryPoint\",\"urlTemplate\":\"https:\/\/bandedepipelettes.fr\/?s={search_term_string}\"},\"query-input\":{\"@type\":\"PropertyValueSpecification\",\"valueRequired\":true,\"valueName\":\"search_term_string\"}}],\"inLanguage\":\"fr-FR\"},{\"@type\":\"Organization\",\"@id\":\"https:\/\/bandedepipelettes.fr\/#organization\",\"name\":\"Dom\u00e9o Mini\",\"url\":\"https:\/\/bandedepipelettes.fr\/\",\"logo\":{\"@type\":\"ImageObject\",\"inLanguage\":\"fr-FR\",\"@id\":\"https:\/\/bandedepipelettes.fr\/#\/schema\/logo\/image\/\",\"url\":\"https:\/\/bandedepipelettes.fr\/wp-content\/uploads\/2024\/04\/Logo-site-1-1-3.png\",\"contentUrl\":\"https:\/\/bandedepipelettes.fr\/wp-content\/uploads\/2024\/04\/Logo-site-1-1-3.png\",\"width\":1042,\"height\":1042,\"caption\":\"Dom\u00e9o Mini\"},\"image\":{\"@id\":\"https:\/\/bandedepipelettes.fr\/#\/schema\/logo\/image\/\"},\"sameAs\":[\"https:\/\/www.facebook.com\/profile.php?id=100075875993050&locale=fr_FR\",\"https:\/\/www.instagram.com\/domeomini\/\"]}]}<\/script>\n<!-- \/ Yoast SEO plugin. -->","yoast_head_json":{"title":"Mon compte - Bande de pipelettes","robots":{"index":"noindex","follow":"follow"},"og_locale":"fr_FR","og_type":"article","og_title":"Mon compte - Bande de pipelettes","og_description":"Mon Compte","og_url":"https:\/\/bandedepipelettes.fr\/index.php\/mon-compte\/","og_site_name":"Bande de pipelettes","article_publisher":"https:\/\/www.facebook.com\/profile.php?id=100075875993050&locale=fr_FR","article_modified_time":"2024-07-30T06:11:31+00:00","twitter_card":"summary_large_image","twitter_misc":{"Dur\u00e9e de lecture estim\u00e9e":"1 minute"},"schema":{"@context":"https:\/\/schema.org","@graph":[{"@type":"WebPage","@id":"https:\/\/bandedepipelettes.fr\/index.php\/mon-compte\/","url":"https:\/\/bandedepipelettes.fr\/index.php\/mon-compte\/","name":"Mon compte - Bande de pipelettes","isPartOf":{"@id":"https:\/\/bandedepipelettes.fr\/#website"},"datePublished":"2024-01-11T10:24:46+00:00","dateModified":"2024-07-30T06:11:31+00:00","breadcrumb":{"@id":"https:\/\/bandedepipelettes.fr\/index.php\/mon-compte\/#breadcrumb"},"inLanguage":"fr-FR","potentialAction":[{"@type":"ReadAction","target":["https:\/\/bandedepipelettes.fr\/index.php\/mon-compte\/"]}]},{"@type":"BreadcrumbList","@id":"https:\/\/bandedepipelettes.fr\/index.php\/mon-compte\/#breadcrumb","itemListElement":[{"@type":"ListItem","position":1,"name":"Accueil","item":"https:\/\/bandedepipelettes.fr\/"},{"@type":"ListItem","position":2,"name":"Mon compte"}]},{"@type":"WebSite","@id":"https:\/\/bandedepipelettes.fr\/#website","url":"https:\/\/bandedepipelettes.fr\/","name":"Dom\u00e9o Mini","description":"Pr\u00eat-\u00e0-porter femmes","publisher":{"@id":"https:\/\/bandedepipelettes.fr\/#organization"},"potentialAction":[{"@type":"SearchAction","target":{"@type":"EntryPoint","urlTemplate":"https:\/\/bandedepipelettes.fr\/?s={search_term_string}"},"query-input":{"@type":"PropertyValueSpecification","valueRequired":true,"valueName":"search_term_string"}}],"inLanguage":"fr-FR"},{"@type":"Organization","@id":"https:\/\/bandedepipelettes.fr\/#organization","name":"Dom\u00e9o Mini","url":"https:\/\/bandedepipelettes.fr\/","logo":{"@type":"ImageObject","inLanguage":"fr-FR","@id":"https:\/\/bandedepipelettes.fr\/#\/schema\/logo\/image\/","url":"https:\/\/bandedepipelettes.fr\/wp-content\/uploads\/2024\/04\/Logo-site-1-1-3.png","contentUrl":"https:\/\/bandedepipelettes.fr\/wp-content\/uploads\/2024\/04\/Logo-site-1-1-3.png","width":1042,"height":1042,"caption":"Dom\u00e9o Mini"},"image":{"@id":"https:\/\/bandedepipelettes.fr\/#\/schema\/logo\/image\/"},"sameAs":["https:\/\/www.facebook.com\/profile.php?id=100075875993050&locale=fr_FR","https:\/\/www.instagram.com\/domeomini\/"]}]}},"jetpack_sharing_enabled":true,"_links":{"self":[{"href":"https:\/\/bandedepipelettes.fr\/index.php\/wp-json\/wp\/v2\/pages\/28","targetHints":{"allow":["GET"]}}],"collection":[{"href":"https:\/\/bandedepipelettes.fr\/index.php\/wp-json\/wp\/v2\/pages"}],"about":[{"href":"https:\/\/bandedepipelettes.fr\/index.php\/wp-json\/wp\/v2\/types\/page"}],"author":[{"embeddable":true,"href":"https:\/\/bandedepipelettes.fr\/index.php\/wp-json\/wp\/v2\/users\/1"}],"replies":[{"embeddable":true,"href":"https:\/\/bandedepipelettes.fr\/index.php\/wp-json\/wp\/v2\/comments?post=28"}],"version-history":[{"count":21,"href":"https:\/\/bandedepipelettes.fr\/index.php\/wp-json\/wp\/v2\/pages\/28\/revisions"}],"predecessor-version":[{"id":7177,"href":"https:\/\/bandedepipelettes.fr\/index.php\/wp-json\/wp\/v2\/pages\/28\/revisions\/7177"}],"wp:attachment":[{"href":"https:\/\/bandedepipelettes.fr\/index.php\/wp-json\/wp\/v2\/media?parent=28"}],"curies":[{"name":"wp","href":"https:\/\/api.w.org\/{rel}","templated":true}]}}